{"id":10320,"date":"2025-07-09T08:27:30","date_gmt":"2025-07-09T13:27:30","guid":{"rendered":"https:\/\/hxdr.local\/reality-cloud-studio\/demonstration-gratuite-reality-cloud-studio\/"},"modified":"2026-02-23T05:19:41","modified_gmt":"2026-02-23T10:19:41","slug":"demonstration-gratuite-reality-cloud-studio","status":"publish","type":"page","link":"https:\/\/geocloud.hexagon.com\/fr\/reality-cloud-studio\/demonstration-gratuite-reality-cloud-studio\/","title":{"rendered":"D\u00e9monstration Gratuite &#8211; Reality Cloud Studio"},"content":{"rendered":"\t\t<div data-elementor-type=\"wp-page\" data-elementor-id=\"10320\" class=\"elementor elementor-10320 elementor-9318\" data-elementor-post-type=\"page\">\n\t\t\t\t<div class=\"elementor-element elementor-element-252a094a outerGridContainer e-flex e-con-boxed e-con e-parent\" data-id=\"252a094a\" data-element_type=\"container\" data-e-type=\"container\">\n\t\t\t\t\t<div class=\"e-con-inner\">\n\t\t<div class=\"elementor-element elementor-element-1cee8cdb e-con-full e-flex e-con e-child\" data-id=\"1cee8cdb\" data-element_type=\"container\" data-e-type=\"container\">\n\t\t<div class=\"elementor-element elementor-element-72bbedb9 e-con-full e-flex e-con e-child\" data-id=\"72bbedb9\" data-element_type=\"container\" data-e-type=\"container\" data-settings=\"{&quot;background_background&quot;:&quot;classic&quot;}\">\n\t\t\t\t<div class=\"elementor-element elementor-element-919a0fe elementor-widget elementor-widget-image\" data-id=\"919a0fe\" data-element_type=\"widget\" data-e-type=\"widget\" data-widget_type=\"image.default\">\n\t\t\t\t\t\t\t\t\t\t\t\t\t\t\t<img fetchpriority=\"high\" decoding=\"async\" width=\"1646\" height=\"990\" src=\"https:\/\/geocloud.hexagon.com\/wp-content\/uploads\/2023\/05\/Reality-Cloud-Studio-Logo-White.svg\" class=\"attachment-full size-full wp-image-6276\" alt=\"\" \/>\t\t\t\t\t\t\t\t\t\t\t\t\t\t\t<\/div>\n\t\t\t\t<div class=\"elementor-element elementor-element-70604cda elementor-widget elementor-widget-heading\" data-id=\"70604cda\" data-element_type=\"widget\" data-e-type=\"widget\" data-widget_type=\"heading.default\">\n\t\t\t\t\t<h2 class=\"elementor-heading-title elementor-size-default\">Obtenez une d\u00e9monstration gratuite de HxDR Reality Cloud Studio<\/h2>\t\t\t\t<\/div>\n\t\t\t\t<\/div>\n\t\t\t\t<\/div>\n\t\t\t\t\t<\/div>\n\t\t\t\t<\/div>\n\t\t<div class=\"elementor-element elementor-element-2db58ff7 outerGridContainer e-flex e-con-boxed e-con e-parent\" data-id=\"2db58ff7\" data-element_type=\"container\" data-e-type=\"container\">\n\t\t\t\t\t<div class=\"e-con-inner\">\n\t\t<div class=\"elementor-element elementor-element-b4baa80 e-con-full e-flex e-con e-child\" data-id=\"b4baa80\" data-element_type=\"container\" data-e-type=\"container\">\n\t\t<div class=\"elementor-element elementor-element-34fc6dc0 e-con-full e-flex e-con e-child\" data-id=\"34fc6dc0\" data-element_type=\"container\" data-e-type=\"container\">\n\t\t\t\t<div class=\"elementor-element elementor-element-ef208cd elementor-widget elementor-widget-heading\" data-id=\"ef208cd\" data-element_type=\"widget\" data-e-type=\"widget\" data-widget_type=\"heading.default\">\n\t\t\t\t\t<h3 class=\"elementor-heading-title elementor-size-default\">D\u00e9couvrez une meilleure fa\u00e7on de g\u00e9rer vos flux de travail de r\u00e9alit\u00e9 num\u00e9rique, de la capture \u00e0 la collaboration. <\/h3>\t\t\t\t<\/div>\n\t\t<div class=\"elementor-element elementor-element-d9bbcdc e-con-full e-flex e-con e-child\" data-id=\"d9bbcdc\" data-element_type=\"container\" data-e-type=\"container\">\n\t\t\t\t<div class=\"elementor-element elementor-element-f887ff1 elementor-widget__width-auto elementor-widget-tablet__width-auto elementor-widget elementor-widget-heading\" data-id=\"f887ff1\" data-element_type=\"widget\" data-e-type=\"widget\" data-widget_type=\"heading.default\">\n\t\t\t\t\t<h2 class=\"elementor-heading-title elementor-size-default\">10%<\/h2>\t\t\t\t<\/div>\n\t\t\t\t<div class=\"elementor-element elementor-element-5a02cc5 elementor-widget-tablet__width-inherit elementor-widget elementor-widget-heading\" data-id=\"5a02cc5\" data-element_type=\"widget\" data-e-type=\"widget\" data-widget_type=\"heading.default\">\n\t\t\t\t\t<h5 class=\"elementor-heading-title elementor-size-default\">R\u00e9duction des heures de mod\u00e9lisation<\/h5>\t\t\t\t<\/div>\n\t\t\t\t<\/div>\n\t\t<div class=\"elementor-element elementor-element-8d2c2d6 e-con-full e-flex e-con e-child\" data-id=\"8d2c2d6\" data-element_type=\"container\" data-e-type=\"container\">\n\t\t\t\t<div class=\"elementor-element elementor-element-ddce7de elementor-widget__width-auto elementor-widget-tablet__width-auto elementor-widget elementor-widget-heading\" data-id=\"ddce7de\" data-element_type=\"widget\" data-e-type=\"widget\" data-widget_type=\"heading.default\">\n\t\t\t\t\t<h2 class=\"elementor-heading-title elementor-size-default\">50%<\/h2>\t\t\t\t<\/div>\n\t\t\t\t<div class=\"elementor-element elementor-element-281ec6f elementor-widget-tablet__width-inherit elementor-widget elementor-widget-heading\" data-id=\"281ec6f\" data-element_type=\"widget\" data-e-type=\"widget\" data-widget_type=\"heading.default\">\n\t\t\t\t\t<h5 class=\"elementor-heading-title elementor-size-default\">Diminution des op\u00e9rations de maillage et de traitement de nuages de points<\/h5>\t\t\t\t<\/div>\n\t\t\t\t<\/div>\n\t\t<div class=\"elementor-element elementor-element-8ee3dc3 e-con-full e-flex e-con e-child\" data-id=\"8ee3dc3\" data-element_type=\"container\" data-e-type=\"container\">\n\t\t\t\t<div class=\"elementor-element elementor-element-0276853 elementor-widget__width-auto elementor-widget-tablet__width-auto elementor-widget elementor-widget-heading\" data-id=\"0276853\" data-element_type=\"widget\" data-e-type=\"widget\" data-widget_type=\"heading.default\">\n\t\t\t\t\t<h2 class=\"elementor-heading-title elementor-size-default\">10x<\/h2>\t\t\t\t<\/div>\n\t\t\t\t<div class=\"elementor-element elementor-element-9d3d758 elementor-widget-tablet__width-inherit elementor-widget elementor-widget-heading\" data-id=\"9d3d758\" data-element_type=\"widget\" data-e-type=\"widget\" data-widget_type=\"heading.default\">\n\t\t\t\t\t<h5 class=\"elementor-heading-title elementor-size-default\">Meilleure exploitation des donn\u00e9es<\/h5>\t\t\t\t<\/div>\n\t\t\t\t<\/div>\n\t\t<div class=\"elementor-element elementor-element-b5fa8c7 e-con-full e-flex e-con e-child\" data-id=\"b5fa8c7\" data-element_type=\"container\" data-e-type=\"container\">\n\t\t\t\t<div class=\"elementor-element elementor-element-2ff7c71 elementor-widget__width-auto elementor-widget-tablet__width-auto elementor-widget elementor-widget-heading\" data-id=\"2ff7c71\" data-element_type=\"widget\" data-e-type=\"widget\" data-widget_type=\"heading.default\">\n\t\t\t\t\t<h2 class=\"elementor-heading-title elementor-size-default\">100%<\/h2>\t\t\t\t<\/div>\n\t\t\t\t<div class=\"elementor-element elementor-element-2338cf7 elementor-widget-tablet__width-inherit elementor-widget elementor-widget-heading\" data-id=\"2338cf7\" data-element_type=\"widget\" data-e-type=\"widget\" data-widget_type=\"heading.default\">\n\t\t\t\t\t<h5 class=\"elementor-heading-title elementor-size-default\">Propri\u00e9t\u00e9 des donn\u00e9es<\/h5>\t\t\t\t<\/div>\n\t\t\t\t<\/div>\n\t\t<div class=\"elementor-element elementor-element-4068a2f e-con-full e-flex e-con e-child\" data-id=\"4068a2f\" data-element_type=\"container\" data-e-type=\"container\">\n\t\t\t\t<div class=\"elementor-element elementor-element-0173e0a elementor-widget__width-auto elementor-widget-tablet__width-auto elementor-widget elementor-widget-heading\" data-id=\"0173e0a\" data-element_type=\"widget\" data-e-type=\"widget\" data-widget_type=\"heading.default\">\n\t\t\t\t\t<h2 class=\"elementor-heading-title elementor-size-default\">75%<\/h2>\t\t\t\t<\/div>\n\t\t\t\t<div class=\"elementor-element elementor-element-faa5bb7 elementor-widget-tablet__width-inherit elementor-widget elementor-widget-heading\" data-id=\"faa5bb7\" data-element_type=\"widget\" data-e-type=\"widget\" data-widget_type=\"heading.default\">\n\t\t\t\t\t<h5 class=\"elementor-heading-title elementor-size-default\">R\u00e9duction du co\u00fbt total de possession ou moins<\/h5>\t\t\t\t<\/div>\n\t\t\t\t<\/div>\n\t\t<div class=\"elementor-element elementor-element-c22189f e-con-full e-flex e-con e-child\" data-id=\"c22189f\" data-element_type=\"container\" data-e-type=\"container\" data-settings=\"{&quot;background_background&quot;:&quot;classic&quot;}\">\n\t\t\t\t<div class=\"elementor-element elementor-element-53c4f77 elementor-widget elementor-widget-heading\" data-id=\"53c4f77\" data-element_type=\"widget\" data-e-type=\"widget\" data-widget_type=\"heading.default\">\n\t\t\t\t\t<h4 class=\"elementor-heading-title elementor-size-default\">HxDR Reality Cloud Studio est une plateforme compl\u00e8te con\u00e7ue pour les professionnels qui ont besoin de visualiser, de partager et de pr\u00e9senter leurs r\u00e9sultats avec clart\u00e9 et pr\u00e9cision. D\u00e9couvrez comment elle accompagne votre secteur d'activit\u00e9 gr\u00e2ce \u00e0 des fonctionnalit\u00e9s sur mesure:<\/h4>\t\t\t\t<\/div>\n\t\t\t\t<div class=\"elementor-element elementor-element-3730b14 elementor-widget elementor-widget-heading\" data-id=\"3730b14\" data-element_type=\"widget\" data-e-type=\"widget\" data-widget_type=\"heading.default\">\n\t\t\t\t\t<h5 class=\"elementor-heading-title elementor-size-default\"><ul>  <li>Automatisation scan vers BIM<\/li>  <li>Flux de travail scan \/ BIM<\/li>  <li>Classification bas\u00e9e sur l\u2019IA<\/li>  <li>Jumeaux num\u00e9riques \u00e0 partir de donn\u00e9es scann\u00e9es<\/li>  <li>Collaboration en temps r\u00e9el avec toutes les parties prenantes<\/li>  <li>Acc\u00e8s cloud aux jumeaux num\u00e9riques et aux mod\u00e8les maill\u00e9s<\/li><\/ul><\/h5>\t\t\t\t<\/div>\n\t\t\t\t<\/div>\n\t\t\t\t<div class=\"elementor-element elementor-element-a1432cd elementor-widget elementor-widget-heading\" data-id=\"a1432cd\" data-element_type=\"widget\" data-e-type=\"widget\" data-widget_type=\"heading.default\">\n\t\t\t\t\t<h4 class=\"elementor-heading-title elementor-size-default\">Permettre aux \u00e9quipes dans le secteur de l\u2019AEC, de la topographie, du p\u00e9trole et du gaz, de la fabrication par processus, de la production discr\u00e8te et bien plus de collaborer et de cr\u00e9er \u00e0 grande \u00e9chelle, sans comp\u00e9tences sp\u00e9cialis\u00e9es. <\/h4>\t\t\t\t<\/div>\n\t\t\t\t<\/div>\n\t\t<div class=\"elementor-element elementor-element-2e4991be e-con-full elementor-hidden-tablet elementor-hidden-mobile e-flex e-con e-child\" data-id=\"2e4991be\" data-element_type=\"container\" data-e-type=\"container\">\n\t\t\t\t<div class=\"elementor-element elementor-element-c23c542 elementor-widget elementor-widget-heading\" data-id=\"c23c542\" data-element_type=\"widget\" data-e-type=\"widget\" data-widget_type=\"heading.default\">\n\t\t\t\t\t<h3 class=\"elementor-heading-title elementor-size-default\">Voyez la solution en action \u2013 Demandez votre d\u00e9monstration sur mesure gratuite d\u00e8s aujourd\u2019hui<\/h3>\t\t\t\t<\/div>\n\t\t\t\t<div class=\"elementor-element elementor-element-964b9cc elementor-widget elementor-widget-html\" data-id=\"964b9cc\" data-element_type=\"widget\" data-e-type=\"widget\" data-widget_type=\"html.default\">\n\t\t\t\t\t<iframe src=\"https:\/\/marketing.geocloud.hexagon.com\/l\/665443\/2025-07-10\/7w9p3r\" width=\"100%\" height=\"1200\" type=\"text\/html\" frameborder=\"0\" allowTransparency=\"true\" style=\"border: 0\"><\/iframe>\t\t\t\t<\/div>\n\t\t\t\t<\/div>\n\t\t\t\t<\/div>\n\t\t\t\t\t<\/div>\n\t\t\t\t<\/div>\n\t\t<div class=\"elementor-element elementor-element-b39c98e outerGridContainer e-flex e-con-boxed e-con e-parent\" data-id=\"b39c98e\" data-element_type=\"container\" data-e-type=\"container\">\n\t\t\t\t\t<div class=\"e-con-inner\">\n\t\t<div class=\"elementor-element elementor-element-39f44ec0 e-con-full e-flex e-con e-child\" data-id=\"39f44ec0\" data-element_type=\"container\" data-e-type=\"container\">\n\t\t<div class=\"elementor-element elementor-element-5dd9ebdd e-con-full e-flex e-con e-child\" data-id=\"5dd9ebdd\" data-element_type=\"container\" data-e-type=\"container\">\n\t\t\t\t<div class=\"elementor-element elementor-element-d55f4 elementor-widget elementor-widget-heading\" data-id=\"d55f4\" data-element_type=\"widget\" data-e-type=\"widget\" data-widget_type=\"heading.default\">\n\t\t\t\t\t<h2 class=\"elementor-heading-title elementor-size-default\">Laissez-vous guider par des r\u00e9f\u00e9rences<\/h2>\t\t\t\t<\/div>\n\t\t\t\t<div class=\"elementor-element elementor-element-5845df57 elementor-widget elementor-widget-heading\" data-id=\"5845df57\" data-element_type=\"widget\" data-e-type=\"widget\" data-widget_type=\"heading.default\">\n\t\t\t\t\t<h4 class=\"elementor-heading-title elementor-size-default\">Voici quelques t\u00e9moignages de clients:<\/h4>\t\t\t\t<\/div>\n\t\t\t\t<\/div>\n\t\t\t\t<\/div>\n\t\t<div class=\"elementor-element elementor-element-750308b7 e-con-full e-grid e-con e-child\" data-id=\"750308b7\" data-element_type=\"container\" data-e-type=\"container\">\n\t\t\t\t<div class=\"elementor-element elementor-element-bcd52c2 elementor-widget elementor-widget-heading\" data-id=\"bcd52c2\" data-element_type=\"widget\" data-e-type=\"widget\" data-widget_type=\"heading.default\">\n\t\t\t\t\t<h4 class=\"elementor-heading-title elementor-size-default\"><span class=\"quote-before\">\"<\/span>  Au lieu de demander aux clients d\u2019installer des visionneuses ou de g\u00e9rer les t\u00e9l\u00e9chargements, nous partageons d\u00e9sormais instantan\u00e9ment les donn\u00e9es, ce qui rend la collaboration beaucoup plus flexible avec Reality Cloud Studio.<span class=\"quote-after\">\"<\/span><\/h4>\t\t\t\t<\/div>\n\t\t\t\t<div class=\"elementor-element elementor-element-b68016f elementor-widget elementor-widget-heading\" data-id=\"b68016f\" data-element_type=\"widget\" data-e-type=\"widget\" data-widget_type=\"heading.default\">\n\t\t\t\t\t<h4 class=\"elementor-heading-title elementor-size-default\"><span class=\"quote-before\">\"<\/span>  La g\u00e9n\u00e9ration de maillages en un clic rend l\u2019ensemble du processus plus rapide, plus facile et plus efficace. <span class=\"quote-after\">\"<\/span><\/h4>\t\t\t\t<\/div>\n\t\t\t\t<\/div>\n\t\t\t\t\t<\/div>\n\t\t\t\t<\/div>\n\t\t<div class=\"elementor-element elementor-element-b9b33e outerGridContainer elementor-hidden-desktop e-flex e-con-boxed e-con e-parent\" data-id=\"b9b33e\" data-element_type=\"container\" data-e-type=\"container\">\n\t\t\t\t\t<div class=\"e-con-inner\">\n\t\t<div class=\"elementor-element elementor-element-5cbb71f9 e-con-full e-flex e-con e-child\" data-id=\"5cbb71f9\" data-element_type=\"container\" data-e-type=\"container\">\n\t\t<div class=\"elementor-element elementor-element-4c3b5f47 e-con-full e-flex e-con e-child\" data-id=\"4c3b5f47\" data-element_type=\"container\" data-e-type=\"container\">\n\t\t\t\t<div class=\"elementor-element elementor-element-63c845b elementor-widget elementor-widget-heading\" data-id=\"63c845b\" data-element_type=\"widget\" data-e-type=\"widget\" data-widget_type=\"heading.default\">\n\t\t\t\t\t<h3 class=\"elementor-heading-title elementor-size-default\">Voyez la solution en action \u2013 Demandez votre d\u00e9monstration sur mesure gratuite d\u00e8s aujourd\u2019hui<\/h3>\t\t\t\t<\/div>\n\t\t\t\t<div class=\"elementor-element elementor-element-f3753b8 elementor-widget elementor-widget-html\" data-id=\"f3753b8\" data-element_type=\"widget\" data-e-type=\"widget\" data-widget_type=\"html.default\">\n\t\t\t\t\t<iframe src=\"https:\/\/marketing.geocloud.hexagon.com\/l\/665443\/2025-07-10\/7w9p3r\" width=\"100%\" height=\"1500\" type=\"text\/html\" frameborder=\"0\" allowTransparency=\"true\" style=\"border: 0\"><\/iframe>\t\t\t\t<\/div>\n\t\t\t\t<\/div>\n\t\t\t\t<\/div>\n\t\t\t\t\t<\/div>\n\t\t\t\t<\/div>\n\t\t\t\t<\/div>\n\t\t","protected":false},"excerpt":{"rendered":"<p>Obtenez une d\u00e9monstration gratuite de HxDR Reality Cloud Studio D\u00e9couvrez une meilleure fa\u00e7on de g\u00e9rer vos flux de travail de r\u00e9alit\u00e9 num\u00e9rique, de la capture \u00e0 la collaboration. 10% R\u00e9duction des heures de mod\u00e9lisation 50% Diminution des op\u00e9rations de maillage et de traitement de nuages de points 10x Meilleure exploitation des donn\u00e9es 100% Propri\u00e9t\u00e9 des [&hellip;]<\/p>\n","protected":false},"author":7,"featured_media":11517,"parent":0,"menu_order":0,"comment_status":"closed","ping_status":"closed","template":"","meta":{"footnotes":""},"class_list":["post-10320","page","type-page","status-publish","has-post-thumbnail","hentry"],"enable_white_header":[],"_links":{"self":[{"href":"https:\/\/geocloud.hexagon.com\/fr\/wp-json\/wp\/v2\/pages\/10320","targetHints":{"allow":["GET"]}}],"collection":[{"href":"https:\/\/geocloud.hexagon.com\/fr\/wp-json\/wp\/v2\/pages"}],"about":[{"href":"https:\/\/geocloud.hexagon.com\/fr\/wp-json\/wp\/v2\/types\/page"}],"author":[{"embeddable":true,"href":"https:\/\/geocloud.hexagon.com\/fr\/wp-json\/wp\/v2\/users\/7"}],"replies":[{"embeddable":true,"href":"https:\/\/geocloud.hexagon.com\/fr\/wp-json\/wp\/v2\/comments?post=10320"}],"version-history":[{"count":0,"href":"https:\/\/geocloud.hexagon.com\/fr\/wp-json\/wp\/v2\/pages\/10320\/revisions"}],"wp:featuredmedia":[{"embeddable":true,"href":"https:\/\/geocloud.hexagon.com\/fr\/wp-json\/wp\/v2\/media\/11517"}],"wp:attachment":[{"href":"https:\/\/geocloud.hexagon.com\/fr\/wp-json\/wp\/v2\/media?parent=10320"}],"curies":[{"name":"wp","href":"https:\/\/api.w.org\/{rel}","templated":true}]}}